{"id":516,"date":"2018-03-05T16:04:36","date_gmt":"2018-03-05T19:04:36","guid":{"rendered":"https:\/\/centrootorrinodf.com.br\/?page_id=516"},"modified":"2018-03-11T15:08:30","modified_gmt":"2018-03-11T18:08:30","slug":"garganta","status":"publish","type":"page","link":"https:\/\/centrootorrinodf.com.br\/en\/home\/garganta\/","title":{"rendered":"Garganta"},"content":{"rendered":"<p align=\"justify\"><img loading=\"lazy\" decoding=\"async\" data-attachment-id=\"517\" data-permalink=\"https:\/\/centrootorrinodf.com.br\/en\/home\/garganta\/0426a5_4fff9e5e7e5cc2e368409577033dca13\/\" data-orig-file=\"https:\/\/centrootorrinodf.com.br\/wp-content\/uploads\/2018\/03\/0426a5_4fff9e5e7e5cc2e368409577033dca13.jpg\" data-orig-size=\"320,250\" data-comments-opened=\"0\" data-image-meta=\"{&quot;aperture&quot;:&quot;0&quot;,&quot;credit&quot;:&quot;&quot;,&quot;camera&quot;:&quot;&quot;,&quot;caption&quot;:&quot;&quot;,&quot;created_timestamp&quot;:&quot;0&quot;,&quot;copyright&quot;:&quot;&quot;,&quot;focal_length&quot;:&quot;0&quot;,&quot;iso&quot;:&quot;0&quot;,&quot;shutter_speed&quot;:&quot;0&quot;,&quot;title&quot;:&quot;&quot;,&quot;orientation&quot;:&quot;1&quot;}\" data-image-title=\"0426a5_4fff9e5e7e5cc2e368409577033dca13\" data-image-description=\"\" data-image-caption=\"\" data-medium-file=\"https:\/\/centrootorrinodf.com.br\/wp-content\/uploads\/2018\/03\/0426a5_4fff9e5e7e5cc2e368409577033dca13-300x234.jpg\" data-large-file=\"https:\/\/centrootorrinodf.com.br\/wp-content\/uploads\/2018\/03\/0426a5_4fff9e5e7e5cc2e368409577033dca13.jpg\" class=\"size-medium wp-image-517 alignleft\" src=\"https:\/\/centrootorrinodf.com.br\/wp-content\/uploads\/2018\/03\/0426a5_4fff9e5e7e5cc2e368409577033dca13-300x234.jpg\" alt=\"\" width=\"300\" height=\"234\" srcset=\"https:\/\/centrootorrinodf.com.br\/wp-content\/uploads\/2018\/03\/0426a5_4fff9e5e7e5cc2e368409577033dca13-300x234.jpg 300w, https:\/\/centrootorrinodf.com.br\/wp-content\/uploads\/2018\/03\/0426a5_4fff9e5e7e5cc2e368409577033dca13.jpg 320w\" sizes=\"auto, (max-width: 300px) 100vw, 300px\" \/><\/p>\n<p align=\"justify\">De um modo de vista abrangente, a \u201cgarganta\u201d compreende a cavidade oral, a faringe, a laringe, o pesco\u00e7o e o inicio da traqu\u00e9ia e es\u00f4fago. Por ser a porta de entrada dos aparelhos digestivo e respirat\u00f3rio, a garganta est\u00e1 exposta a muitos agentes agressores, e apresenta para isso v\u00e1rios mecanismos de defesa, como um revestimento interno conhecido como mucosa, que funciona como uma barreira; a produ\u00e7\u00e3o de saliva pelas gl\u00e2ndulas salivares e a presen\u00e7a de grande quantidade de tecido linf\u00f3ide, que faz parte do sistema imunol\u00f3gico.<\/p>\n<h2><\/h2>\n<h2 class=\"western\">Gl\u00e2ndulas salivares<\/h2>\n<p align=\"justify\">Em toda a mucosa (tecido de revestimento) da boca existem milhares de pequenas gl\u00e2ndulas que produzem saliva, mantendo a boca sempre \u00famida. As gl\u00e2ndulas salivares maiores, por outro lado, est\u00e3o dispostas pr\u00f3ximas a mand\u00edbula, e produzem grande parcela da saliva \u2013 s\u00e3o a sublingual, as submandibulares e as par\u00f3tidas (estas conhecidas por serem o s\u00edtio de infec\u00e7\u00e3o na caxumba).<\/p>\n<p><img loading=\"lazy\" decoding=\"async\" data-attachment-id=\"518\" data-permalink=\"https:\/\/centrootorrinodf.com.br\/en\/home\/garganta\/0426a5_a88bc051a6e05b85f9fa3ebf33ac4fe7\/\" data-orig-file=\"https:\/\/centrootorrinodf.com.br\/wp-content\/uploads\/2018\/03\/0426a5_a88bc051a6e05b85f9fa3ebf33ac4fe7.jpg\" data-orig-size=\"275,195\" data-comments-opened=\"0\" data-image-meta=\"{&quot;aperture&quot;:&quot;0&quot;,&quot;credit&quot;:&quot;&quot;,&quot;camera&quot;:&quot;&quot;,&quot;caption&quot;:&quot;&quot;,&quot;created_timestamp&quot;:&quot;0&quot;,&quot;copyright&quot;:&quot;&quot;,&quot;focal_length&quot;:&quot;0&quot;,&quot;iso&quot;:&quot;0&quot;,&quot;shutter_speed&quot;:&quot;0&quot;,&quot;title&quot;:&quot;&quot;,&quot;orientation&quot;:&quot;1&quot;}\" data-image-title=\"0426a5_a88bc051a6e05b85f9fa3ebf33ac4fe7\" data-image-description=\"\" data-image-caption=\"\" data-medium-file=\"https:\/\/centrootorrinodf.com.br\/wp-content\/uploads\/2018\/03\/0426a5_a88bc051a6e05b85f9fa3ebf33ac4fe7.jpg\" data-large-file=\"https:\/\/centrootorrinodf.com.br\/wp-content\/uploads\/2018\/03\/0426a5_a88bc051a6e05b85f9fa3ebf33ac4fe7.jpg\" class=\" wp-image-518 alignleft\" src=\"https:\/\/centrootorrinodf.com.br\/wp-content\/uploads\/2018\/03\/0426a5_a88bc051a6e05b85f9fa3ebf33ac4fe7.jpg\" alt=\"\" width=\"299\" height=\"212\" \/><\/p>\n<p align=\"justify\">Al\u00e9m da caxumba, outras afec\u00e7\u00f5es das gl\u00e2ndulas salivares maiores s\u00e3o as causadas por estagna\u00e7\u00e3o da saliva no seu interior devido a impacta\u00e7\u00e3o de c\u00e1lculos (\u201cpedras\u201d) nos seus canal\u00edculos de drenagem, em situa\u00e7\u00e3o an\u00e1loga \u00e0s pedras no rim e ves\u00edcula. A sialolit\u00edase (do grego sialo: saliva; litho: pedra) acomete principalmente as gl\u00e2ndulas submandibulares, e podem causar dor durante as refei\u00e7\u00f5es, por ser grande a produ\u00e7\u00e3o de saliva a fim de facilitar a digest\u00e3o dos alimentos.<\/p>\n<h2><\/h2>\n<h2 class=\"western\">Pesco\u00e7o<\/h2>\n<p align=\"justify\">O pesco\u00e7o cont\u00e9m no seu interior vasos sangu\u00edneos, nervos, gl\u00e2ndulas, linfonodos e m\u00fasculos. Devido a grande proximidade de todas estas estruturas com os aparelhos respirat\u00f3rio e disgestivo, os pacientes tamb\u00e9m podem se queixar de \u201cdor de garganta\u201d quando s\u00e3o acometidos por problemas nestas estruturas. A tireoidite \u00e9 um exemplo disso \u2013 uma inflama\u00e7\u00e3o aguda na gl\u00e2ndula tire\u00f3ide que causa dor cervical anterior, principalmente ao deglutir.<\/p>\n<p><img loading=\"lazy\" decoding=\"async\" data-attachment-id=\"519\" data-permalink=\"https:\/\/centrootorrinodf.com.br\/en\/home\/garganta\/0426a5_2281df8cd7f8779078544dcbcae595d5\/\" data-orig-file=\"https:\/\/centrootorrinodf.com.br\/wp-content\/uploads\/2018\/03\/0426a5_2281df8cd7f8779078544dcbcae595d5.jpg\" data-orig-size=\"350,345\" data-comments-opened=\"0\" data-image-meta=\"{&quot;aperture&quot;:&quot;0&quot;,&quot;credit&quot;:&quot;&quot;,&quot;camera&quot;:&quot;&quot;,&quot;caption&quot;:&quot;&quot;,&quot;created_timestamp&quot;:&quot;0&quot;,&quot;copyright&quot;:&quot;&quot;,&quot;focal_length&quot;:&quot;0&quot;,&quot;iso&quot;:&quot;0&quot;,&quot;shutter_speed&quot;:&quot;0&quot;,&quot;title&quot;:&quot;&quot;,&quot;orientation&quot;:&quot;1&quot;}\" data-image-title=\"0426a5_2281df8cd7f8779078544dcbcae595d5\" data-image-description=\"\" data-image-caption=\"\" data-medium-file=\"https:\/\/centrootorrinodf.com.br\/wp-content\/uploads\/2018\/03\/0426a5_2281df8cd7f8779078544dcbcae595d5-300x296.jpg\" data-large-file=\"https:\/\/centrootorrinodf.com.br\/wp-content\/uploads\/2018\/03\/0426a5_2281df8cd7f8779078544dcbcae595d5.jpg\" class=\"size-medium wp-image-519 alignleft\" src=\"https:\/\/centrootorrinodf.com.br\/wp-content\/uploads\/2018\/03\/0426a5_2281df8cd7f8779078544dcbcae595d5-300x296.jpg\" alt=\"\" width=\"300\" height=\"296\" srcset=\"https:\/\/centrootorrinodf.com.br\/wp-content\/uploads\/2018\/03\/0426a5_2281df8cd7f8779078544dcbcae595d5-300x296.jpg 300w, https:\/\/centrootorrinodf.com.br\/wp-content\/uploads\/2018\/03\/0426a5_2281df8cd7f8779078544dcbcae595d5-60x60.jpg 60w, https:\/\/centrootorrinodf.com.br\/wp-content\/uploads\/2018\/03\/0426a5_2281df8cd7f8779078544dcbcae595d5.jpg 350w\" sizes=\"auto, (max-width: 300px) 100vw, 300px\" \/><\/p>\n<p align=\"justify\">O aumento de g\u00e2nglios no pesco\u00e7o (\u201c\u00ednguas\u201d) tamb\u00e9m \u00e9 muito comum em diversas doen\u00e7as, principalmente em crian\u00e7as e adolescentes, na maioria das vezes decorrentes de infec\u00e7\u00f5es nas vias a\u00e9reas, merecendo apenas uso de medica\u00e7\u00e3o sintom\u00e1tica e observa\u00e7\u00e3o. G\u00e2nglios cervicais devem ser acompanhados por otorrinolaringologista, pois em alguns casos pode haver necessidade de maior investiga\u00e7\u00e3o.<\/p>\n<p align=\"right\">Dr Caio Athayde, M\u00e9dico otorrinolaringologista<\/p>\n<p align=\"justify\">\n","protected":false},"excerpt":{"rendered":"<p>De um modo de vista abrangente, a \u201cgarganta\u201d compreende a cavidade oral, a faringe, a laringe, o pesco\u00e7o e o inicio da traqu\u00e9ia e es\u00f4fago. Por ser a porta de entrada dos aparelhos digestivo e respirat\u00f3rio, a garganta est\u00e1 exposta a muitos agentes agressores, e apresenta para isso v\u00e1rios mecanismos de defesa, como um revestimento [&hellip;]<\/p>\n","protected":false},"author":1,"featured_media":0,"parent":8,"menu_order":7,"comment_status":"closed","ping_status":"closed","template":"","meta":{"_acf_changed":false,"footnotes":""},"class_list":["post-516","page","type-page","status-publish","hentry"],"acf":[],"jetpack_sharing_enabled":true,"_links":{"self":[{"href":"https:\/\/centrootorrinodf.com.br\/en\/wp-json\/wp\/v2\/pages\/516","targetHints":{"allow":["GET"]}}],"collection":[{"href":"https:\/\/centrootorrinodf.com.br\/en\/wp-json\/wp\/v2\/pages"}],"about":[{"href":"https:\/\/centrootorrinodf.com.br\/en\/wp-json\/wp\/v2\/types\/page"}],"author":[{"embeddable":true,"href":"https:\/\/centrootorrinodf.com.br\/en\/wp-json\/wp\/v2\/users\/1"}],"replies":[{"embeddable":true,"href":"https:\/\/centrootorrinodf.com.br\/en\/wp-json\/wp\/v2\/comments?post=516"}],"version-history":[{"count":8,"href":"https:\/\/centrootorrinodf.com.br\/en\/wp-json\/wp\/v2\/pages\/516\/revisions"}],"predecessor-version":[{"id":579,"href":"https:\/\/centrootorrinodf.com.br\/en\/wp-json\/wp\/v2\/pages\/516\/revisions\/579"}],"up":[{"embeddable":true,"href":"https:\/\/centrootorrinodf.com.br\/en\/wp-json\/wp\/v2\/pages\/8"}],"wp:attachment":[{"href":"https:\/\/centrootorrinodf.com.br\/en\/wp-json\/wp\/v2\/media?parent=516"}],"curies":[{"name":"wp","href":"https:\/\/api.w.org\/{rel}","templated":true}]}}