{"id":31,"date":"2018-01-16T10:36:19","date_gmt":"2018-01-16T12:36:19","guid":{"rendered":"https:\/\/centrootorrinodf.com.br\/?page_id=31"},"modified":"2018-02-07T11:22:06","modified_gmt":"2018-02-07T13:22:06","slug":"saiba-mais","status":"publish","type":"page","link":"https:\/\/centrootorrinodf.com.br\/en\/saiba-mais\/","title":{"rendered":"Saiba mais"},"content":{"rendered":"<a href=\"https:\/\/centrootorrinodf.com.br\/en\/hiposmia-o-que-e\/\" class=\"umanoticia\">\n\t\t\t\n\t\t\t<div class=\"texto\">\n\t\t\t\t<h2>Hiposmia: o que \u00e9?<\/h2>\n\t\t\t\t<div class=\"lerartigo\">Ler artigo<\/div>\n\t\t\t<\/div>\n\t\t\t<div style=\"clear:both;\"><\/div>\n\t\t<\/a><a href=\"https:\/\/centrootorrinodf.com.br\/en\/prick-test-o-que-e\/\" class=\"umanoticia\">\n\t\t\t\n\t\t\t<div class=\"texto\">\n\t\t\t\t<h2>Prick test: o que \u00e9?<\/h2>\n\t\t\t\t<div class=\"lerartigo\">Ler artigo<\/div>\n\t\t\t<\/div>\n\t\t\t<div style=\"clear:both;\"><\/div>\n\t\t<\/a><a href=\"https:\/\/centrootorrinodf.com.br\/en\/voce-conhece-o-p300-exame-auxilia-no-diagnostico-do-deficit-de-atencao-e-outros-disturbios\/\" class=\"umanoticia\">\n\t\t\t<div class=\"fototb\" style=\"background-image:url(https:\/\/centrootorrinodf.com.br\/wp-content\/uploads\/2018\/11\/a-doctor-and-his-patient-PWUYED5.jpg);\"><\/div>\n\t\t\t<div class=\"texto\">\n\t\t\t\t<h2>Voc\u00ea conhece o P300? Exame auxilia no diagn\u00f3stico do D\u00e9ficit de Aten\u00e7\u00e3o e outros dist\u00farbios<\/h2>\n\t\t\t\t<div class=\"lerartigo\">Ler artigo<\/div>\n\t\t\t<\/div>\n\t\t\t<div style=\"clear:both;\"><\/div>\n\t\t<\/a><a href=\"https:\/\/centrootorrinodf.com.br\/en\/sinusite-tudo-o-que-voce-precisa-saber\/\" class=\"umanoticia\">\n\t\t\t<div class=\"fototb\" style=\"background-image:url(https:\/\/centrootorrinodf.com.br\/wp-content\/uploads\/2018\/10\/close-up-of-sick-woman-using-nasal-spray-PALFAXK.jpg);\"><\/div>\n\t\t\t<div class=\"texto\">\n\t\t\t\t<h2>Sinusite: tudo o que voc\u00ea precisa saber<\/h2>\n\t\t\t\t<div class=\"lerartigo\">Ler artigo<\/div>\n\t\t\t<\/div>\n\t\t\t<div style=\"clear:both;\"><\/div>\n\t\t<\/a><a href=\"https:\/\/centrootorrinodf.com.br\/en\/rouquidao-como-evitar-o-problema\/\" class=\"umanoticia\">\n\t\t\t<div class=\"fototb\" style=\"background-image:url(https:\/\/centrootorrinodf.com.br\/wp-content\/uploads\/2018\/10\/doctor-and-patient-PTQHJ4B-1.jpg);\"><\/div>\n\t\t\t<div class=\"texto\">\n\t\t\t\t<h2>Rouquid\u00e3o: como evitar o problema?<\/h2>\n\t\t\t\t<div class=\"lerartigo\">Ler artigo<\/div>\n\t\t\t<\/div>\n\t\t\t<div style=\"clear:both;\"><\/div>\n\t\t<\/a><div class=\"paginacao\"><span aria-current=\"page\" class=\"page-numbers current\">1<\/span>\n<a class=\"page-numbers\" href=\"https:\/\/centrootorrinodf.com.br\/en\/wp-json\/wp\/v2\/pages\/31\/page\/2\">2<\/a>\n<span class=\"page-numbers dots\">&hellip;<\/span>\n<a class=\"page-numbers\" href=\"https:\/\/centrootorrinodf.com.br\/en\/wp-json\/wp\/v2\/pages\/31\/page\/11\">11<\/a>\n<a class=\"page-numbers\" href=\"https:\/\/centrootorrinodf.com.br\/en\/wp-json\/wp\/v2\/pages\/31\/page\/12\">12<\/a>\n<a class=\"next page-numbers\" href=\"https:\/\/centrootorrinodf.com.br\/en\/wp-json\/wp\/v2\/pages\/31\/page\/2\">\u00bb<\/a><\/div>\n","protected":false},"excerpt":{"rendered":"","protected":false},"author":1,"featured_media":0,"parent":0,"menu_order":18,"comment_status":"closed","ping_status":"closed","template":"","meta":{"_acf_changed":false,"footnotes":""},"class_list":["post-31","page","type-page","status-publish","hentry"],"acf":[],"jetpack_sharing_enabled":true,"_links":{"self":[{"href":"https:\/\/centrootorrinodf.com.br\/en\/wp-json\/wp\/v2\/pages\/31","targetHints":{"allow":["GET"]}}],"collection":[{"href":"https:\/\/centrootorrinodf.com.br\/en\/wp-json\/wp\/v2\/pages"}],"about":[{"href":"https:\/\/centrootorrinodf.com.br\/en\/wp-json\/wp\/v2\/types\/page"}],"author":[{"embeddable":true,"href":"https:\/\/centrootorrinodf.com.br\/en\/wp-json\/wp\/v2\/users\/1"}],"replies":[{"embeddable":true,"href":"https:\/\/centrootorrinodf.com.br\/en\/wp-json\/wp\/v2\/comments?post=31"}],"version-history":[{"count":2,"href":"https:\/\/centrootorrinodf.com.br\/en\/wp-json\/wp\/v2\/pages\/31\/revisions"}],"predecessor-version":[{"id":283,"href":"https:\/\/centrootorrinodf.com.br\/en\/wp-json\/wp\/v2\/pages\/31\/revisions\/283"}],"wp:attachment":[{"href":"https:\/\/centrootorrinodf.com.br\/en\/wp-json\/wp\/v2\/media?parent=31"}],"curies":[{"name":"wp","href":"https:\/\/api.w.org\/{rel}","templated":true}]}}