{"id":29,"date":"2018-01-16T10:36:07","date_gmt":"2018-01-16T12:36:07","guid":{"rendered":"https:\/\/centrootorrinodf.com.br\/?page_id=29"},"modified":"2018-02-06T15:27:08","modified_gmt":"2018-02-06T17:27:08","slug":"imprensa","status":"publish","type":"page","link":"https:\/\/centrootorrinodf.com.br\/en\/imprensa\/","title":{"rendered":"Imprensa"},"content":{"rendered":"<h2>CEOL na m\u00eddia<\/h2>\n<a  href=\"http:\/\/midia.smi.srv.br\/video\/2018\/04\/02\/dfnoar3003_caioathayde.mp4\" target=\"_blank\" class=\"row namidia\"><div class=\"col-sm-12 col-md-2\">\n\t\t\t\t<div class=\"logomidia\"><img decoding=\"async\" src=\"https:\/\/centrootorrinodf.com.br\/wp-content\/uploads\/2018\/02\/record.jpg\"><\/div>\n\t\t\t<\/div><div class=\"col-sm-12 col-md-8 dadosmidia\"><div class=\"titmidia\"><h4>Artigo<\/h4>Veja como cuidar da sa\u00fade durante o Outono e evitar doen\u00e7as comuns no per\u00edodo<\/div><\/div><div class=\"col-sm-12 col-md-2\">\n\t\t\t\t<div class=\"confiramidia\">Confira<\/div>\n\t\t\t<\/div><\/a><a  href=\"https:\/\/globoplay.globo.com\/v\/6555254\/programa\/\" target=\"_blank\" class=\"row namidia\"><div class=\"col-sm-12 col-md-2\">\n\t\t\t\t<div class=\"logomidia\"><img decoding=\"async\" src=\"https:\/\/centrootorrinodf.com.br\/wp-content\/uploads\/2018\/02\/globo3x.png\"><\/div>\n\t\t\t<\/div><div class=\"col-sm-12 col-md-8 dadosmidia\"><div class=\"titmidia\"><h4>Artigo<\/h4>C\u00e2mara vota projeto para aumentar os limites de decib\u00e9is em estabelecimentos comerciais<\/div><\/div><div class=\"col-sm-12 col-md-2\">\n\t\t\t\t<div class=\"confiramidia\">Confira<\/div>\n\t\t\t<\/div><\/a><a  href=\"https:\/\/globoplay.globo.com\/v\/3480499\/\" target=\"_blank\" class=\"row namidia\"><div class=\"col-sm-12 col-md-2\">\n\t\t\t\t<div class=\"logomidia\"><img decoding=\"async\" src=\"https:\/\/centrootorrinodf.com.br\/wp-content\/uploads\/2018\/02\/globo3x.png\"><\/div>\n\t\t\t<\/div><div class=\"col-sm-12 col-md-8 dadosmidia\"><div class=\"titmidia\"><h4>Artigo<\/h4>DF j\u00e1 sente os efeitos da seca<\/div><\/div><div class=\"col-sm-12 col-md-2\">\n\t\t\t\t<div class=\"confiramidia\">Confira<\/div>\n\t\t\t<\/div><\/a><a  href=\"http:\/\/tv.r7.com\/record-play\/distrito-federal\/df-record\/videos\/como-o-turista-deve-se-prevenir-da-seca-17102015\" target=\"_blank\" class=\"row namidia\"><div class=\"col-sm-12 col-md-2\">\n\t\t\t\t<div class=\"logomidia\"><img decoding=\"async\" src=\"https:\/\/centrootorrinodf.com.br\/wp-content\/uploads\/2018\/02\/record.jpg\"><\/div>\n\t\t\t<\/div><div class=\"col-sm-12 col-md-8 dadosmidia\"><div class=\"titmidia\"><h4>Artigo<\/h4>Como o turista deve se prevenir da seca?<\/div><\/div><div class=\"col-sm-12 col-md-2\">\n\t\t\t\t<div class=\"confiramidia\">Confira<\/div>\n\t\t\t<\/div><\/a><a  href=\"https:\/\/noticias.r7.com\/fala-brasil\/videos\/hospital-publico-de-brasilia-faz-cirurgia-gratuita-para-orelhas-de-abano-17102015\" target=\"_blank\" class=\"row namidia\"><div class=\"col-sm-12 col-md-2\">\n\t\t\t\t<div class=\"logomidia\"><img decoding=\"async\" src=\"https:\/\/centrootorrinodf.com.br\/wp-content\/uploads\/2018\/02\/record.jpg\"><\/div>\n\t\t\t<\/div><div class=\"col-sm-12 col-md-8 dadosmidia\"><div class=\"titmidia\"><h4>Artigo<\/h4>Hospital p\u00fablico de Bras\u00edlia faz cirurgia gratuita para orelhas de abano<\/div><\/div><div class=\"col-sm-12 col-md-2\">\n\t\t\t\t<div class=\"confiramidia\">Confira<\/div>\n\t\t\t<\/div><\/a><a  href=\"http:\/\/g1.globo.com\/distrito-federal\/videos\/v\/secretaria-de-saude-do-df-oferece-cirurgias-para-correcao-de-orelhas-de-abano\/3141816\/\" target=\"_blank\" class=\"row namidia\"><div class=\"col-sm-12 col-md-2\">\n\t\t\t\t<div class=\"logomidia\"><img decoding=\"async\" src=\"https:\/\/centrootorrinodf.com.br\/wp-content\/uploads\/2018\/02\/globo3x.png\"><\/div>\n\t\t\t<\/div><div class=\"col-sm-12 col-md-8 dadosmidia\"><div class=\"titmidia\"><h4>Artigo<\/h4>Secretaria de Sa\u00fade do DF oferece cirurgias para corre\u00e7\u00e3o de orelhas de abano<\/div><\/div><div class=\"col-sm-12 col-md-2\">\n\t\t\t\t<div class=\"confiramidia\">Confira<\/div>\n\t\t\t<\/div><\/a><a  href=\"http:\/\/sites.correioweb.com.br\/app\/50,114\/2013\/10\/06\/noticia_saudeplena,145712\/otite-sem-dor-e-sem-febre-e-dificil-de-perceber-e-pode-evoluir-para-al.shtml\" target=\"_blank\" class=\"row namidia\"><div class=\"col-sm-12 col-md-2\">\n\t\t\t\t<div class=\"logomidia\"><img decoding=\"async\" src=\"https:\/\/centrootorrinodf.com.br\/wp-content\/uploads\/2018\/02\/correio3x.png\"><\/div>\n\t\t\t<\/div><div class=\"col-sm-12 col-md-8 dadosmidia\"><div class=\"titmidia\"><h4>Artigo<\/h4>Otite sem dor e sem febre \u00e9 dif\u00edcil de perceber e pode evoluir para algo mais grave<\/div><\/div><div class=\"col-sm-12 col-md-2\">\n\t\t\t\t<div class=\"confiramidia\">Confira<\/div>\n\t\t\t<\/div><\/a><a  href=\"https:\/\/centrootorrinodf.com.br\/en\/clipping\/sobre-o-cancer-de-laringe\/\" class=\"row namidia\"><div class=\"col-sm-12 col-md-2\">\n\t\t\t\t<div class=\"logomidia\"><img decoding=\"async\" src=\"https:\/\/centrootorrinodf.com.br\/wp-content\/uploads\/2018\/02\/cbn3x.png\"><\/div>\n\t\t\t<\/div><div class=\"col-sm-12 col-md-8 dadosmidia\"><div class=\"titmidia\"><h4>Artigo<\/h4>Sobre o C\u00e2ncer de Laringe<\/div><\/div><div class=\"col-sm-12 col-md-2\">\n\t\t\t\t<div class=\"confiramidia\">Confira<\/div>\n\t\t\t<\/div><\/a><a  href=\"https:\/\/centrootorrinodf.com.br\/en\/clipping\/toxina-botulinica-tipo-o-botox\/\" class=\"row namidia\"><div class=\"col-sm-12 col-md-2\">\n\t\t\t\t<div class=\"logomidia\"><img decoding=\"async\" src=\"https:\/\/centrootorrinodf.com.br\/wp-content\/uploads\/2018\/02\/comunidade.png\"><\/div>\n\t\t\t<\/div><div class=\"col-sm-12 col-md-8 dadosmidia\"><div class=\"titmidia\"><h4>Artigo<\/h4>Toxina Botul\u00ednica Tipo A: o Botox\u00ae<\/div><\/div><div class=\"col-sm-12 col-md-2\">\n\t\t\t\t<div class=\"confiramidia\">Confira<\/div>\n\t\t\t<\/div><\/a><a  href=\"https:\/\/centrootorrinodf.com.br\/en\/clipping\/labirintite-diminui-seguranca-e-qualidade-de-vida\/\" class=\"row namidia\"><div class=\"col-sm-12 col-md-2\">\n\t\t\t\t<div class=\"logomidia\"><img decoding=\"async\" src=\"https:\/\/centrootorrinodf.com.br\/wp-content\/uploads\/2018\/02\/correio3x.png\"><\/div>\n\t\t\t<\/div><div class=\"col-sm-12 col-md-8 dadosmidia\"><div class=\"titmidia\"><h4>Artigo<\/h4>Labirintite diminui a seguran\u00e7a e a qualidade de vida<\/div><\/div><div class=\"col-sm-12 col-md-2\">\n\t\t\t\t<div class=\"confiramidia\">Confira<\/div>\n\t\t\t<\/div><\/a><a  href=\"https:\/\/centrootorrinodf.com.br\/en\/clipping\/criancas-e-doencas-otorrinolaringologicas\/\" class=\"row namidia\"><div class=\"col-sm-12 col-md-2\">\n\t\t\t\t<div class=\"logomidia\"><img decoding=\"async\" src=\"https:\/\/centrootorrinodf.com.br\/wp-content\/uploads\/2018\/02\/correio3x.png\"><\/div>\n\t\t\t<\/div><div class=\"col-sm-12 col-md-8 dadosmidia\"><div class=\"titmidia\"><h4>Artigo<\/h4>Crian\u00e7as e doen\u00e7as otorrinolaringol\u00f3gicas<\/div><\/div><div class=\"col-sm-12 col-md-2\">\n\t\t\t\t<div class=\"confiramidia\">Confira<\/div>\n\t\t\t<\/div><\/a><a  href=\"https:\/\/centrootorrinodf.com.br\/en\/clipping\/tontura-causas-e-tratamento\/\" class=\"row namidia\"><div class=\"col-sm-12 col-md-2\">\n\t\t\t\t<div class=\"logomidia\"><img decoding=\"async\" src=\"https:\/\/centrootorrinodf.com.br\/wp-content\/uploads\/2018\/02\/aqui.png\"><\/div>\n\t\t\t<\/div><div class=\"col-sm-12 col-md-8 dadosmidia\"><div class=\"titmidia\"><h4>Artigo<\/h4>Tontura: causas e tratamento<\/div><\/div><div class=\"col-sm-12 col-md-2\">\n\t\t\t\t<div class=\"confiramidia\">Confira<\/div>\n\t\t\t<\/div><\/a>\n","protected":false},"excerpt":{"rendered":"<p>CEOL na m\u00eddia<\/p>\n","protected":false},"author":1,"featured_media":0,"parent":0,"menu_order":10,"comment_status":"closed","ping_status":"closed","template":"","meta":{"_acf_changed":false,"footnotes":""},"class_list":["post-29","page","type-page","status-publish","hentry"],"acf":[],"jetpack_sharing_enabled":true,"_links":{"self":[{"href":"https:\/\/centrootorrinodf.com.br\/en\/wp-json\/wp\/v2\/pages\/29","targetHints":{"allow":["GET"]}}],"collection":[{"href":"https:\/\/centrootorrinodf.com.br\/en\/wp-json\/wp\/v2\/pages"}],"about":[{"href":"https:\/\/centrootorrinodf.com.br\/en\/wp-json\/wp\/v2\/types\/page"}],"author":[{"embeddable":true,"href":"https:\/\/centrootorrinodf.com.br\/en\/wp-json\/wp\/v2\/users\/1"}],"replies":[{"embeddable":true,"href":"https:\/\/centrootorrinodf.com.br\/en\/wp-json\/wp\/v2\/comments?post=29"}],"version-history":[{"count":3,"href":"https:\/\/centrootorrinodf.com.br\/en\/wp-json\/wp\/v2\/pages\/29\/revisions"}],"predecessor-version":[{"id":282,"href":"https:\/\/centrootorrinodf.com.br\/en\/wp-json\/wp\/v2\/pages\/29\/revisions\/282"}],"wp:attachment":[{"href":"https:\/\/centrootorrinodf.com.br\/en\/wp-json\/wp\/v2\/media?parent=29"}],"curies":[{"name":"wp","href":"https:\/\/api.w.org\/{rel}","templated":true}]}}