{"id":27,"date":"2018-01-16T10:35:56","date_gmt":"2018-01-16T12:35:56","guid":{"rendered":"https:\/\/centrootorrinodf.com.br\/?page_id=27"},"modified":"2018-05-22T11:14:46","modified_gmt":"2018-05-22T14:14:46","slug":"convenios","status":"publish","type":"page","link":"https:\/\/centrootorrinodf.com.br\/en\/convenios\/","title":{"rendered":"Conv\u00eanios"},"content":{"rendered":"<p><form class=\"filtro-local\">  <input type=\"text\" class=\"texto-pesquisa\" buscar=\"umconvenio\" singular=\"\" plural=\"\" listado=\"\" listados=\"\" naoencontrado=\"naoencontrado\" placeholder=\"Buscar conv\u00eanio\" autocomplete=\"off\">\n\t\t<\/form>\n\t\t<div class=\"fc_filtro_quantos\"><span class=\"filtro-qt\"><\/span> <span class=\"filtro-nome\"><\/span> <span class=\"filtro-listagem\"><\/span>.<\/div>\n<br \/>\n<div class=\"row\"><div class=\"col-sm-4 col-xs-12\"><ul><li class=\"umconvenio\"><span>(Portugu\u00eas do Brasil) AMIL<\/span><\/li><li class=\"umconvenio\"><span>(Portugu\u00eas do Brasil) ANAFE<\/span><\/li><li class=\"umconvenio\"><span>(Portugu\u00eas do Brasil) BESTSENIOR<\/span><\/li><li class=\"umconvenio\"><span>(Portugu\u00eas do Brasil) BGS<\/span><\/li><li class=\"umconvenio\"><span>(Portugu\u00eas do Brasil) BOMBEIROS<\/span><\/li><li class=\"umconvenio\"><span>BRB SA\u00daDE<\/span><\/li><li class=\"umconvenio\"><span>(Portugu\u00eas do Brasil) EMBRATEL (TELOS)<\/span><\/li><li class=\"umconvenio\"><span>ELETRONORTE (E-VIDA)<\/span><\/li><li class=\"umconvenio\"><span>(Portugu\u00eas do Brasil) INAS GDF<\/span><\/li><li class=\"umconvenio\"><span>OMINT<\/span><\/li><li class=\"umconvenio\"><span>Pol\u00edcia Federal (PF)<\/span><\/li><li class=\"umconvenio\"><span>(Portugu\u00eas do Brasil) PLAN ASSISTE (MPU)<\/span><\/li><li class=\"umconvenio\"><span>ECT (POSTAL SA\u00daDE)<\/span><\/li><li class=\"umconvenio\"><span>(Portugu\u00eas do Brasil) PR\u00d3-SA\u00daDE (C\u00c2MARA DOS DEPUTADOS)<\/span><\/li><li class=\"umconvenio\"><span>TJDFT<\/span><\/li><li class=\"umconvenio\"><span>(Portugu\u00eas do Brasil) PR\u00d3-SOCIAL (TRF)<\/span><\/li><li class=\"umconvenio\"><span>(Portugu\u00eas do Brasil) REAL GRANDEZA (DEMAIS PLANOS)<\/span><\/li><li class=\"umconvenio\"><span>(Portugu\u00eas do Brasil) REAL GRANDEZA (SALVUS E SALUTEM)<\/span><\/li><li class=\"umconvenio\"><span>(Portugu\u00eas do Brasil) SA\u00daDE PETROBRAS<\/span><\/li><li class=\"umconvenio\"><span>SIS (SENADOR)<\/span><\/li><li class=\"umconvenio\"><span>STF &#8211; MED<\/span><\/li><\/ul><\/div><div class=\"col-sm-4 col-xs-12\"><ul><li class=\"umconvenio\"><span>(Portugu\u00eas do Brasil) THOMAS<\/span><\/li><li class=\"umconvenio\"><span>TRE<\/span><\/li><li class=\"umconvenio\"><span>TRT<\/span><\/li><li class=\"umconvenio\"><span>TST &#8211; SA\u00daDE<\/span><\/li><li class=\"umconvenio\"><span>Unimed Central Nacional &#8211; CNU<\/span><\/li><li class=\"umconvenio\"><span>AFEB BRASAL<\/span><\/li><li class=\"umconvenio\"><span>AFFEGO<\/span><\/li><li class=\"umconvenio\"><span>ALLIANZ SA\u00daDE<\/span><\/li><li class=\"umconvenio\"><span>ASETE (ASTE)<\/span><\/li><li class=\"umconvenio\"><span>ASSEFAZ<\/span><\/li><li class=\"umconvenio\"><span>BACEN<\/span><\/li><li class=\"umconvenio\"><span>BENECAP<\/span><\/li><li class=\"umconvenio\"><span>BRADESCO<\/span><\/li><li class=\"umconvenio\"><span>CAEME-GO<\/span><\/li><li class=\"umconvenio\"><span>CAESAN<\/span><\/li><li class=\"umconvenio\"><span>CAMED<\/span><\/li><li class=\"umconvenio\"><span>CARE PLUS<\/span><\/li><li class=\"umconvenio\"><span>CASEC (CODEVASF)<\/span><\/li><li class=\"umconvenio\"><span>CASEMBRAPA (EMBRAPA)<\/span><\/li><li class=\"umconvenio\"><span>CASSI<\/span><\/li><li class=\"umconvenio\"><span>CNTI<\/span><\/li><\/ul><\/div><div class=\"col-sm-4 col-xs-12\"><ul><li class=\"umconvenio\"><span>CONAB<\/span><\/li><li class=\"umconvenio\"><span>FAPES (BNDES)<\/span><\/li><li class=\"umconvenio\"><span>FASCAL<\/span><\/li><li class=\"umconvenio\"><span>FUSEX<\/span><\/li><li class=\"umconvenio\"><span>GEAP<\/span><\/li><li class=\"umconvenio\"><span>GRAVIA<\/span><\/li><li class=\"umconvenio\"><span>LIFE EMPRESARIAL SA\u00daDE<\/span><\/li><li class=\"umconvenio\"><span>MEDISERVICE<\/span><\/li><li class=\"umconvenio\"><span>MultiLife<\/span><\/li><li class=\"umconvenio\"><span>NOTRE DAME<\/span><\/li><li class=\"umconvenio\"><span>Prevent Senior<\/span><\/li><li class=\"umconvenio\"><span>PROASA<\/span><\/li><li class=\"umconvenio\"><span>SA\u00daDE CAIXA<\/span><\/li><li class=\"umconvenio\"><span>Seguros Unimed<\/span><\/li><li class=\"umconvenio\"><span>SERPRO<\/span><\/li><li class=\"umconvenio\"><span>STJ<\/span><\/li><li class=\"umconvenio\"><span>STM (PLAS\/JMU)<\/span><\/li><li class=\"umconvenio\"><span>Sulam\u00e9rica<\/span><\/li><li class=\"umconvenio\"><span>Unafisco (Sindifisco)<\/span><\/li><\/ul><\/div><\/div><\/p>\n<div class=\"naoencontrado\">\nConv\u00eanio n\u00e3o encontrado<br \/>\n<small>N\u00e3o foi poss\u00edvel localizar nenhum conv\u00eanio com este nome<\/small>\n<\/div>\n","protected":false},"excerpt":{"rendered":"<p>Conv\u00eanio n\u00e3o encontrado N\u00e3o foi poss\u00edvel localizar nenhum conv\u00eanio com este nome<\/p>\n","protected":false},"author":1,"featured_media":0,"parent":0,"menu_order":3,"comment_status":"closed","ping_status":"closed","template":"","meta":{"_acf_changed":false,"footnotes":""},"class_list":["post-27","page","type-page","status-publish","hentry"],"acf":[],"jetpack_sharing_enabled":true,"_links":{"self":[{"href":"https:\/\/centrootorrinodf.com.br\/en\/wp-json\/wp\/v2\/pages\/27","targetHints":{"allow":["GET"]}}],"collection":[{"href":"https:\/\/centrootorrinodf.com.br\/en\/wp-json\/wp\/v2\/pages"}],"about":[{"href":"https:\/\/centrootorrinodf.com.br\/en\/wp-json\/wp\/v2\/types\/page"}],"author":[{"embeddable":true,"href":"https:\/\/centrootorrinodf.com.br\/en\/wp-json\/wp\/v2\/users\/1"}],"replies":[{"embeddable":true,"href":"https:\/\/centrootorrinodf.com.br\/en\/wp-json\/wp\/v2\/comments?post=27"}],"version-history":[{"count":10,"href":"https:\/\/centrootorrinodf.com.br\/en\/wp-json\/wp\/v2\/pages\/27\/revisions"}],"predecessor-version":[{"id":705,"href":"https:\/\/centrootorrinodf.com.br\/en\/wp-json\/wp\/v2\/pages\/27\/revisions\/705"}],"wp:attachment":[{"href":"https:\/\/centrootorrinodf.com.br\/en\/wp-json\/wp\/v2\/media?parent=27"}],"curies":[{"name":"wp","href":"https:\/\/api.w.org\/{rel}","templated":true}]}}